{"id":12,"date":"2024-03-11T15:49:50","date_gmt":"2024-03-11T14:49:50","guid":{"rendered":"https:\/\/micorise.ovh\/index.php\/boutique\/"},"modified":"2024-04-10T11:05:39","modified_gmt":"2024-04-10T09:05:39","slug":"micorise","status":"publish","type":"page","link":"https:\/\/micorise.fr\/index.php\/micorise\/","title":{"rendered":"Boutique"},"content":{"rendered":"<p>[et_pb_section fb_built=\u00a0\u00bb1&Prime; _builder_version=\u00a0\u00bb4.24.2&Prime; _module_preset=\u00a0\u00bbdefault\u00a0\u00bb custom_padding=\u00a0\u00bb0px||9px|||\u00a0\u00bb global_colors_info=\u00a0\u00bb{}\u00a0\u00bb][et_pb_row _builder_version=\u00a0\u00bb4.24.2&Prime; _module_preset=\u00a0\u00bbdefault\u00a0\u00bb custom_padding=\u00a0\u00bb||0px|||\u00a0\u00bb global_colors_info=\u00a0\u00bb{}\u00a0\u00bb][et_pb_column type=\u00a0\u00bb4_4&Prime; _builder_version=\u00a0\u00bb4.24.2&Prime; _module_preset=\u00a0\u00bbdefault\u00a0\u00bb global_colors_info=\u00a0\u00bb{}\u00a0\u00bb][et_pb_text _builder_version=\u00a0\u00bb4.24.2&Prime; _module_preset=\u00a0\u00bbdefault\u00a0\u00bb text_text_color=\u00a0\u00bb#000000&Prime; text_font_size=\u00a0\u00bb24px\u00a0\u00bb custom_padding=\u00a0\u00bb||21px|||\u00a0\u00bb global_colors_info=\u00a0\u00bb{}\u00a0\u00bb]<\/p>\n<h1 style=\"text-align: center;\"><strong><em>MICORISE<\/em> &#8211; NOS FORMULES DE VENTE<\/strong><\/h1>\n<p style=\"text-align: center;\">Premier mois <span style=\"color: #e09900;\"><strong>offert<\/strong><\/span> &#8211; Abonnement mensuel <span style=\"color: #e09900;\"><strong>sans engagement<\/strong><\/span>\u00a0<\/p>\n<p>[\/et_pb_text][\/et_pb_column][\/et_pb_row][\/et_pb_section][et_pb_section fb_built=\u00a0\u00bb1&Prime; _builder_version=\u00a0\u00bb4.24.2&Prime; _module_preset=\u00a0\u00bbdefault\u00a0\u00bb min_height=\u00a0\u00bb808.9px\u00a0\u00bb custom_margin=\u00a0\u00bb-13px|||||\u00a0\u00bb custom_padding=\u00a0\u00bb0px|||||\u00a0\u00bb global_colors_info=\u00a0\u00bb{}\u00a0\u00bb][et_pb_row _builder_version=\u00a0\u00bb4.24.2&Prime; _module_preset=\u00a0\u00bbdefault\u00a0\u00bb global_colors_info=\u00a0\u00bb{}\u00a0\u00bb][et_pb_column type=\u00a0\u00bb4_4&Prime; _builder_version=\u00a0\u00bb4.24.2&Prime; _module_preset=\u00a0\u00bbdefault\u00a0\u00bb global_colors_info=\u00a0\u00bb{}\u00a0\u00bb][et_pb_pricing_tables featured_table_background_color=\u00a0\u00bbRGBA(255,255,255,0)\u00a0\u00bb featured_table_header_background_color=\u00a0\u00bb#7cea27&Prime; header_background_color=\u00a0\u00bb#6eb51e\u00a0\u00bb show_bullet=\u00a0\u00bboff\u00a0\u00bb featured_table_bullet_color=\u00a0\u00bbRGBA(255,255,255,0)\u00a0\u00bb featured_table_background_color_tablet=\u00a0\u00bbRGBA(255,255,255,0)\u00a0\u00bb featured_table_background_color_phone=\u00a0\u00bbRGBA(255,255,255,0)\u00a0\u00bb featured_table_background_color_last_edited=\u00a0\u00bbon|desktop\u00a0\u00bb _builder_version=\u00a0\u00bb4.24.2&Prime; _module_preset=\u00a0\u00bbdefault\u00a0\u00bb custom_button=\u00a0\u00bbon\u00a0\u00bb button_border_radius=\u00a0\u00bb50px\u00a0\u00bb hover_enabled=\u00a0\u00bb0&Prime; border_radii=\u00a0\u00bbon|30px|30px|30px|30px\u00a0\u00bb border_width_all=\u00a0\u00bb2px\u00a0\u00bb border_color_all=\u00a0\u00bb#000000&Prime; global_colors_info=\u00a0\u00bb{}\u00a0\u00bb sticky_enabled=\u00a0\u00bb0&Prime;][et_pb_pricing_table title=\u00a0\u00bbFolium\u00a0\u00bb subtitle=\u00a0\u00bbSimple &#8211; Efficace\u00a0\u00bb currency=\u00a0\u00bb\u20ac \u00a0\u00bb per=\u00a0\u00bbMois TTC\u00a0\u00bb sum=\u00a0\u00bb20&Prime; button_url=\u00a0\u00bbhttps:\/\/app.micorise.fr\/#\/signin\/FO\u00a0\u00bb button_text=\u00a0\u00bbAbonnez-vous\u00a0\u00bb bullet_color=\u00a0\u00bb#000000&Prime; _builder_version=\u00a0\u00bb4.24.2&Prime; _dynamic_attributes=\u00a0\u00bblink_option_url\u00a0\u00bb _module_preset=\u00a0\u00bbdefault\u00a0\u00bb custom_button=\u00a0\u00bbon\u00a0\u00bb button_text_size=\u00a0\u00bb14px\u00a0\u00bb button_border_width=\u00a0\u00bb1px\u00a0\u00bb button_border_radius=\u00a0\u00bb50px\u00a0\u00bb button_use_icon=\u00a0\u00bboff\u00a0\u00bb link_option_url=\u00a0\u00bb@ET-DC@eyJkeW5hbWljIjp0cnVlLCJjb250ZW50IjoicG9zdF9saW5rX3VybF9wYWdlIiwic2V0dGluZ3MiOnsicG9zdF9pZCI6IjE2NSJ9fQ==@\u00a0\u00bb box_shadow_style=\u00a0\u00bbpreset6&Prime; global_colors_info=\u00a0\u00bb{}\u00a0\u00bb sticky_transition=\u00a0\u00bbon\u00a0\u00bb]<\/p>\n<p><img loading=\"lazy\" decoding=\"async\" src=\"http:\/\/micorise.ovh\/wp-content\/uploads\/2024\/03\/Folium_L-287x300.jpg\" width=\"287\" height=\"300\" alt=\"\" class=\"wp-image-111 alignnone size-medium\" style=\"display: block; margin-left: auto; margin-right: auto;\" \/><\/p>\n<p style=\"text-align: center;\"><em><strong>Cr\u00e9ez votre compte &#8211; 1 mois offert !<\/strong><\/em><\/p>\n<p>[\/et_pb_pricing_table][et_pb_pricing_table featured=\u00a0\u00bbon\u00a0\u00bb title=\u00a0\u00bbArbor\u00a0\u00bb subtitle=\u00a0\u00bbInterm\u00e9diaire\u00a0\u00bb currency=\u00a0\u00bb\u20ac\u00a0\u00bb per=\u00a0\u00bbMois TTC\u00a0\u00bb sum=\u00a0\u00bb30&Prime; button_url=\u00a0\u00bbhttps:\/\/app.micorise.fr\/#\/signin\/AR\u00a0\u00bb button_text=\u00a0\u00bbAbonnez-vous\u00a0\u00bb bullet_color=\u00a0\u00bb#000000&Prime; _builder_version=\u00a0\u00bb4.24.2&Prime; _dynamic_attributes=\u00a0\u00bblink_option_url\u00a0\u00bb _module_preset=\u00a0\u00bbdefault\u00a0\u00bb custom_button=\u00a0\u00bbon\u00a0\u00bb button_text_size=\u00a0\u00bb14px\u00a0\u00bb button_border_width=\u00a0\u00bb1px\u00a0\u00bb button_border_radius=\u00a0\u00bb50px\u00a0\u00bb link_option_url=\u00a0\u00bb@ET-DC@eyJkeW5hbWljIjp0cnVlLCJjb250ZW50IjoicG9zdF9saW5rX3VybF9wYWdlIiwic2V0dGluZ3MiOnsicG9zdF9pZCI6IjQwMSJ9fQ==@\u00a0\u00bb global_colors_info=\u00a0\u00bb{}\u00a0\u00bb sticky_transition=\u00a0\u00bbon\u00a0\u00bb]<\/p>\n<p><img loading=\"lazy\" decoding=\"async\" src=\"http:\/\/micorise.ovh\/wp-content\/uploads\/2024\/03\/Arbor_L-271x300.jpg\" width=\"271\" height=\"300\" alt=\"\" class=\"wp-image-118 alignnone size-medium\" style=\"display: block; margin-left: auto; margin-right: auto;\" \/><\/p>\n<p style=\"text-align: center;\"><em><strong>Cr\u00e9ez votre compte &#8211; 1 mois offert !<\/strong><\/em><\/p>\n<p>[\/et_pb_pricing_table][et_pb_pricing_table title=\u00a0\u00bbSilva\u00a0\u00bb subtitle=\u00a0\u00bbToutes options\u00a0\u00bb currency=\u00a0\u00bb\u20ac\u00a0\u00bb per=\u00a0\u00bbMois TTC\u00a0\u00bb sum=\u00a0\u00bb60&Prime; button_text=\u00a0\u00bbBient\u00f4t accessible\u00a0\u00bb bullet_color=\u00a0\u00bb#000000&Prime; _builder_version=\u00a0\u00bb4.24.2&Prime; _dynamic_attributes=\u00a0\u00bblink_option_url\u00a0\u00bb _module_preset=\u00a0\u00bbdefault\u00a0\u00bb custom_button=\u00a0\u00bbon\u00a0\u00bb button_text_size=\u00a0\u00bb14px\u00a0\u00bb button_border_width=\u00a0\u00bb1px\u00a0\u00bb button_border_radius=\u00a0\u00bb50px\u00a0\u00bb button_use_icon=\u00a0\u00bboff\u00a0\u00bb link_option_url=\u00a0\u00bb@ET-DC@eyJkeW5hbWljIjp0cnVlLCJjb250ZW50IjoicG9zdF9saW5rX3VybF9wYWdlIiwic2V0dGluZ3MiOnsicG9zdF9pZCI6IjM5MCJ9fQ==@\u00a0\u00bb hover_enabled=\u00a0\u00bb0&Prime; box_shadow_style=\u00a0\u00bbpreset6&Prime; global_colors_info=\u00a0\u00bb{}\u00a0\u00bb sticky_transition=\u00a0\u00bbon\u00a0\u00bb sticky_enabled=\u00a0\u00bb0&Prime;]<\/p>\n<p><img loading=\"lazy\" decoding=\"async\" src=\"http:\/\/micorise.ovh\/wp-content\/uploads\/2024\/03\/Silva_L-286x300.jpg\" width=\"286\" height=\"300\" alt=\"\" class=\"wp-image-119 alignnone size-medium\" style=\"display: block; margin-left: auto; margin-right: auto;\" \/><\/p>\n<p style=\"text-align: center;\"><em><strong>Cr\u00e9ez votre compte &#8211; 1 mois offert !<\/strong><\/em><\/p>\n<p>[\/et_pb_pricing_table][et_pb_pricing_table title=\u00a0\u00bbSeminis\u00a0\u00bb subtitle=\u00a0\u00bbEtudiants\u00a0\u00bb sum=\u00a0\u00bb-\u00a0\u00bb button_url=\u00a0\u00bbhttps:\/\/app.micorise.fr\/#\/signin\/SE\u00a0\u00bb button_text=\u00a0\u00bbAbonnez-vous\u00a0\u00bb bullet_color=\u00a0\u00bb#000000&Prime; _builder_version=\u00a0\u00bb4.24.2&Prime; _module_preset=\u00a0\u00bbdefault\u00a0\u00bb custom_button=\u00a0\u00bbon\u00a0\u00bb button_text_size=\u00a0\u00bb14px\u00a0\u00bb button_border_width=\u00a0\u00bb1px\u00a0\u00bb button_border_radius=\u00a0\u00bb50px\u00a0\u00bb button_use_icon=\u00a0\u00bboff\u00a0\u00bb box_shadow_style=\u00a0\u00bbpreset6&Prime; global_colors_info=\u00a0\u00bb{}\u00a0\u00bb sticky_transition=\u00a0\u00bbon\u00a0\u00bb]<\/p>\n<p style=\"text-align: center;\"><img loading=\"lazy\" decoding=\"async\" src=\"http:\/\/micorise.ovh\/wp-content\/uploads\/2024\/03\/Seminis_L-e1711563588822-274x300.jpg\" width=\"274\" height=\"300\" alt=\"\" class=\"wp-image-120 alignnone size-medium\" srcset=\"https:\/\/micorise.fr\/wp-content\/uploads\/2024\/03\/Seminis_L-e1711563588822-274x300.jpg 274w, https:\/\/micorise.fr\/wp-content\/uploads\/2024\/03\/Seminis_L-e1711563588822.jpg 741w\" sizes=\"auto, (max-width: 274px) 100vw, 274px\" \/><\/p>\n<p style=\"text-align: center;\"><em><strong>Cr\u00e9ez votre compte &#8211; 1 mois offert !<\/strong><\/em><\/p>\n<p>[\/et_pb_pricing_table][\/et_pb_pricing_tables][\/et_pb_column][\/et_pb_row][\/et_pb_section]<\/p>\n","protected":false},"excerpt":{"rendered":"<p>MICORISE &#8211; NOS FORMULES DE VENTE Premier mois offert &#8211; Abonnement mensuel sans engagement\u00a0 Cr\u00e9ez votre compte &#8211; 1 mois offert ! Cr\u00e9ez votre compte &#8211; 1 mois offert ! Cr\u00e9ez votre compte &#8211; 1 mois offert ! Cr\u00e9ez votre compte &#8211; 1 mois offert !<\/p>\n","protected":false},"author":1,"featured_media":0,"parent":0,"menu_order":0,"comment_status":"closed","ping_status":"closed","template":"","meta":{"_et_pb_use_builder":"on","_et_pb_old_content":"","_et_gb_content_width":"","footnotes":""},"class_list":["post-12","page","type-page","status-publish","hentry"],"yoast_head":"<!-- This site is optimized with the Yoast SEO plugin v27.3 - https:\/\/yoast.com\/product\/yoast-seo-wordpress\/ -->\n<title>La Boutique Micorise : Simple et Rapide<\/title>\n<meta name=\"description\" content=\"Micorise, l&#039;Application qui Facilite le Quotidien des Paysagistes : Choisissez la Formule qui Vous Convient !\" \/>\n<meta name=\"robots\" content=\"index, follow, max-snippet:-1, max-image-preview:large, max-video-preview:-1\" \/>\n<link rel=\"canonical\" href=\"https:\/\/micorise.fr\/index.php\/micorise\/\" \/>\n<meta property=\"og:locale\" content=\"fr_FR\" \/>\n<meta property=\"og:type\" content=\"article\" \/>\n<meta property=\"og:title\" content=\"La Boutique Micorise : Simple et Rapide\" \/>\n<meta property=\"og:description\" content=\"Micorise, l&#039;Application qui Facilite le Quotidien des Paysagistes : Choisissez la Formule qui Vous Convient !\" \/>\n<meta property=\"og:url\" content=\"https:\/\/micorise.fr\/index.php\/micorise\/\" \/>\n<meta property=\"og:site_name\" content=\"Micorise\" \/>\n<meta property=\"article:modified_time\" content=\"2024-04-10T09:05:39+00:00\" \/>\n<meta property=\"og:image\" content=\"http:\/\/micorise.ovh\/wp-content\/uploads\/2024\/03\/Folium_L-287x300.jpg\" \/>\n<meta name=\"twitter:card\" content=\"summary_large_image\" \/>\n<meta name=\"twitter:label1\" content=\"Dur\u00e9e de lecture estim\u00e9e\" \/>\n\t<meta name=\"twitter:data1\" content=\"2 minutes\" \/>\n<script type=\"application\/ld+json\" class=\"yoast-schema-graph\">{\"@context\":\"https:\\\/\\\/schema.org\",\"@graph\":[{\"@type\":\"WebPage\",\"@id\":\"https:\\\/\\\/micorise.fr\\\/index.php\\\/micorise\\\/\",\"url\":\"https:\\\/\\\/micorise.fr\\\/index.php\\\/micorise\\\/\",\"name\":\"La Boutique Micorise : Simple et Rapide\",\"isPartOf\":{\"@id\":\"https:\\\/\\\/micorise.fr\\\/#website\"},\"primaryImageOfPage\":{\"@id\":\"https:\\\/\\\/micorise.fr\\\/index.php\\\/micorise\\\/#primaryimage\"},\"image\":{\"@id\":\"https:\\\/\\\/micorise.fr\\\/index.php\\\/micorise\\\/#primaryimage\"},\"thumbnailUrl\":\"http:\\\/\\\/micorise.ovh\\\/wp-content\\\/uploads\\\/2024\\\/03\\\/Folium_L-287x300.jpg\",\"datePublished\":\"2024-03-11T14:49:50+00:00\",\"dateModified\":\"2024-04-10T09:05:39+00:00\",\"description\":\"Micorise, l'Application qui Facilite le Quotidien des Paysagistes : Choisissez la Formule qui Vous Convient !\",\"breadcrumb\":{\"@id\":\"https:\\\/\\\/micorise.fr\\\/index.php\\\/micorise\\\/#breadcrumb\"},\"inLanguage\":\"fr-FR\",\"potentialAction\":[{\"@type\":\"ReadAction\",\"target\":[\"https:\\\/\\\/micorise.fr\\\/index.php\\\/micorise\\\/\"]}]},{\"@type\":\"ImageObject\",\"inLanguage\":\"fr-FR\",\"@id\":\"https:\\\/\\\/micorise.fr\\\/index.php\\\/micorise\\\/#primaryimage\",\"url\":\"http:\\\/\\\/micorise.ovh\\\/wp-content\\\/uploads\\\/2024\\\/03\\\/Folium_L-287x300.jpg\",\"contentUrl\":\"http:\\\/\\\/micorise.ovh\\\/wp-content\\\/uploads\\\/2024\\\/03\\\/Folium_L-287x300.jpg\"},{\"@type\":\"BreadcrumbList\",\"@id\":\"https:\\\/\\\/micorise.fr\\\/index.php\\\/micorise\\\/#breadcrumb\",\"itemListElement\":[{\"@type\":\"ListItem\",\"position\":1,\"name\":\"Accueil\",\"item\":\"https:\\\/\\\/micorise.fr\\\/\"},{\"@type\":\"ListItem\",\"position\":2,\"name\":\"Boutique\"}]},{\"@type\":\"WebSite\",\"@id\":\"https:\\\/\\\/micorise.fr\\\/#website\",\"url\":\"https:\\\/\\\/micorise.fr\\\/\",\"name\":\"Micorise\",\"description\":\"\",\"publisher\":{\"@id\":\"https:\\\/\\\/micorise.fr\\\/#organization\"},\"potentialAction\":[{\"@type\":\"SearchAction\",\"target\":{\"@type\":\"EntryPoint\",\"urlTemplate\":\"https:\\\/\\\/micorise.fr\\\/?s={search_term_string}\"},\"query-input\":{\"@type\":\"PropertyValueSpecification\",\"valueRequired\":true,\"valueName\":\"search_term_string\"}}],\"inLanguage\":\"fr-FR\"},{\"@type\":\"Organization\",\"@id\":\"https:\\\/\\\/micorise.fr\\\/#organization\",\"name\":\"Micorise\",\"url\":\"https:\\\/\\\/micorise.fr\\\/\",\"logo\":{\"@type\":\"ImageObject\",\"inLanguage\":\"fr-FR\",\"@id\":\"https:\\\/\\\/micorise.fr\\\/#\\\/schema\\\/logo\\\/image\\\/\",\"url\":\"https:\\\/\\\/micorise.fr\\\/wp-content\\\/uploads\\\/2024\\\/03\\\/Logo_micorise_2023.jpg\",\"contentUrl\":\"https:\\\/\\\/micorise.fr\\\/wp-content\\\/uploads\\\/2024\\\/03\\\/Logo_micorise_2023.jpg\",\"width\":345,\"height\":339,\"caption\":\"Micorise\"},\"image\":{\"@id\":\"https:\\\/\\\/micorise.fr\\\/#\\\/schema\\\/logo\\\/image\\\/\"}}]}<\/script>\n<!-- \/ Yoast SEO plugin. -->","yoast_head_json":{"title":"La Boutique Micorise : Simple et Rapide","description":"Micorise, l'Application qui Facilite le Quotidien des Paysagistes : Choisissez la Formule qui Vous Convient !","robots":{"index":"index","follow":"follow","max-snippet":"max-snippet:-1","max-image-preview":"max-image-preview:large","max-video-preview":"max-video-preview:-1"},"canonical":"https:\/\/micorise.fr\/index.php\/micorise\/","og_locale":"fr_FR","og_type":"article","og_title":"La Boutique Micorise : Simple et Rapide","og_description":"Micorise, l'Application qui Facilite le Quotidien des Paysagistes : Choisissez la Formule qui Vous Convient !","og_url":"https:\/\/micorise.fr\/index.php\/micorise\/","og_site_name":"Micorise","article_modified_time":"2024-04-10T09:05:39+00:00","og_image":[{"url":"http:\/\/micorise.ovh\/wp-content\/uploads\/2024\/03\/Folium_L-287x300.jpg","type":"","width":"","height":""}],"twitter_card":"summary_large_image","twitter_misc":{"Dur\u00e9e de lecture estim\u00e9e":"2 minutes"},"schema":{"@context":"https:\/\/schema.org","@graph":[{"@type":"WebPage","@id":"https:\/\/micorise.fr\/index.php\/micorise\/","url":"https:\/\/micorise.fr\/index.php\/micorise\/","name":"La Boutique Micorise : Simple et Rapide","isPartOf":{"@id":"https:\/\/micorise.fr\/#website"},"primaryImageOfPage":{"@id":"https:\/\/micorise.fr\/index.php\/micorise\/#primaryimage"},"image":{"@id":"https:\/\/micorise.fr\/index.php\/micorise\/#primaryimage"},"thumbnailUrl":"http:\/\/micorise.ovh\/wp-content\/uploads\/2024\/03\/Folium_L-287x300.jpg","datePublished":"2024-03-11T14:49:50+00:00","dateModified":"2024-04-10T09:05:39+00:00","description":"Micorise, l'Application qui Facilite le Quotidien des Paysagistes : Choisissez la Formule qui Vous Convient !","breadcrumb":{"@id":"https:\/\/micorise.fr\/index.php\/micorise\/#breadcrumb"},"inLanguage":"fr-FR","potentialAction":[{"@type":"ReadAction","target":["https:\/\/micorise.fr\/index.php\/micorise\/"]}]},{"@type":"ImageObject","inLanguage":"fr-FR","@id":"https:\/\/micorise.fr\/index.php\/micorise\/#primaryimage","url":"http:\/\/micorise.ovh\/wp-content\/uploads\/2024\/03\/Folium_L-287x300.jpg","contentUrl":"http:\/\/micorise.ovh\/wp-content\/uploads\/2024\/03\/Folium_L-287x300.jpg"},{"@type":"BreadcrumbList","@id":"https:\/\/micorise.fr\/index.php\/micorise\/#breadcrumb","itemListElement":[{"@type":"ListItem","position":1,"name":"Accueil","item":"https:\/\/micorise.fr\/"},{"@type":"ListItem","position":2,"name":"Boutique"}]},{"@type":"WebSite","@id":"https:\/\/micorise.fr\/#website","url":"https:\/\/micorise.fr\/","name":"Micorise","description":"","publisher":{"@id":"https:\/\/micorise.fr\/#organization"},"potentialAction":[{"@type":"SearchAction","target":{"@type":"EntryPoint","urlTemplate":"https:\/\/micorise.fr\/?s={search_term_string}"},"query-input":{"@type":"PropertyValueSpecification","valueRequired":true,"valueName":"search_term_string"}}],"inLanguage":"fr-FR"},{"@type":"Organization","@id":"https:\/\/micorise.fr\/#organization","name":"Micorise","url":"https:\/\/micorise.fr\/","logo":{"@type":"ImageObject","inLanguage":"fr-FR","@id":"https:\/\/micorise.fr\/#\/schema\/logo\/image\/","url":"https:\/\/micorise.fr\/wp-content\/uploads\/2024\/03\/Logo_micorise_2023.jpg","contentUrl":"https:\/\/micorise.fr\/wp-content\/uploads\/2024\/03\/Logo_micorise_2023.jpg","width":345,"height":339,"caption":"Micorise"},"image":{"@id":"https:\/\/micorise.fr\/#\/schema\/logo\/image\/"}}]}},"_links":{"self":[{"href":"https:\/\/micorise.fr\/index.php\/wp-json\/wp\/v2\/pages\/12","targetHints":{"allow":["GET"]}}],"collection":[{"href":"https:\/\/micorise.fr\/index.php\/wp-json\/wp\/v2\/pages"}],"about":[{"href":"https:\/\/micorise.fr\/index.php\/wp-json\/wp\/v2\/types\/page"}],"author":[{"embeddable":true,"href":"https:\/\/micorise.fr\/index.php\/wp-json\/wp\/v2\/users\/1"}],"replies":[{"embeddable":true,"href":"https:\/\/micorise.fr\/index.php\/wp-json\/wp\/v2\/comments?post=12"}],"version-history":[{"count":23,"href":"https:\/\/micorise.fr\/index.php\/wp-json\/wp\/v2\/pages\/12\/revisions"}],"predecessor-version":[{"id":423,"href":"https:\/\/micorise.fr\/index.php\/wp-json\/wp\/v2\/pages\/12\/revisions\/423"}],"wp:attachment":[{"href":"https:\/\/micorise.fr\/index.php\/wp-json\/wp\/v2\/media?parent=12"}],"curies":[{"name":"wp","href":"https:\/\/api.w.org\/{rel}","templated":true}]}}