{"id":165,"date":"2024-03-28T15:25:43","date_gmt":"2024-03-28T14:25:43","guid":{"rendered":"https:\/\/micorise.ovh\/?page_id=165"},"modified":"2024-04-10T11:10:44","modified_gmt":"2024-04-10T09:10:44","slug":"micorise-folium","status":"publish","type":"page","link":"https:\/\/micorise.fr\/index.php\/micorise-folium\/","title":{"rendered":"Folium"},"content":{"rendered":"<p>[et_pb_section fb_built=\u00a0\u00bb1&Prime; specialty=\u00a0\u00bbon\u00a0\u00bb _builder_version=\u00a0\u00bb4.24.2&Prime; _module_preset=\u00a0\u00bbdefault\u00a0\u00bb custom_padding=\u00a0\u00bb3px|||||\u00a0\u00bb global_colors_info=\u00a0\u00bb{}\u00a0\u00bb][et_pb_column type=\u00a0\u00bb1_2&Prime; _builder_version=\u00a0\u00bb4.16&Prime; custom_padding=\u00a0\u00bb|||\u00a0\u00bb global_colors_info=\u00a0\u00bb{}\u00a0\u00bb custom_padding__hover=\u00a0\u00bb|||\u00a0\u00bb][et_pb_button button_url=\u00a0\u00bb@ET-DC@eyJkeW5hbWljIjp0cnVlLCJjb250ZW50IjoicG9zdF9saW5rX3VybF9wYWdlIiwic2V0dGluZ3MiOnsicG9zdF9pZCI6IjEyIn19@\u00a0\u00bb button_text=\u00a0\u00bbRetour Boutique\u00a0\u00bb _builder_version=\u00a0\u00bb4.24.2&Prime; _dynamic_attributes=\u00a0\u00bbbutton_url\u00a0\u00bb _module_preset=\u00a0\u00bbdefault\u00a0\u00bb custom_button=\u00a0\u00bbon\u00a0\u00bb button_text_size=\u00a0\u00bb17px\u00a0\u00bb button_border_width=\u00a0\u00bb0px\u00a0\u00bb button_icon=\u00a0\u00bb&#xe03b;||divi||400&Prime; button_icon_color=\u00a0\u00bb#0C71C3&Prime; button_icon_placement=\u00a0\u00bbleft\u00a0\u00bb button_on_hover=\u00a0\u00bboff\u00a0\u00bb global_colors_info=\u00a0\u00bb{}\u00a0\u00bb][\/et_pb_button][et_pb_image src=\u00a0\u00bbhttp:\/\/micorise.ovh\/wp-content\/uploads\/2024\/03\/Folium_L.jpg\u00a0\u00bb title_text=\u00a0\u00bbFolium_L\u00a0\u00bb align=\u00a0\u00bbcenter\u00a0\u00bb _builder_version=\u00a0\u00bb4.24.2&Prime; _module_preset=\u00a0\u00bbdefault\u00a0\u00bb width=\u00a0\u00bb65.4%\u00a0\u00bb module_alignment=\u00a0\u00bbcenter\u00a0\u00bb custom_margin=\u00a0\u00bb|19px|-133px|3px||\u00a0\u00bb custom_padding=\u00a0\u00bb|||5px||\u00a0\u00bb global_colors_info=\u00a0\u00bb{}\u00a0\u00bb][\/et_pb_image][et_pb_text _builder_version=\u00a0\u00bb4.24.2&Prime; _module_preset=\u00a0\u00bbdefault\u00a0\u00bb custom_padding=\u00a0\u00bb65px|||||\u00a0\u00bb global_colors_info=\u00a0\u00bb{}\u00a0\u00bb]<\/p>\n<div class=\"et-module-9e9d4c7b-c1bc-4304-8f85-a833aa538e4e et_pb_row_inner ui-sortable et_pb_row_inner_1 et-animated--vb et-fb-row--has-short-module et-fb-row--has-short-module--move-right et_pb_row_structure-1_2_1_2 et_pb_row_1-4_1-4\" data-address=\"0.1.1\" data-specialty-layout=\"1_2,1_2\">\n<div class=\"et-fb-mousetrap et-fb-mousetrap-move et-fb-mousetrap--row-inner\" style=\"background: transparent; text-align: center;\"><\/div>\n<\/div>\n<div class=\"et-module-017116cf-10f1-40b3-9c6a-8bf4a5fe2252 et_pb_row_inner ui-sortable et_pb_row_inner_2 et-animated--vb et-last-child et_pb_row_structure-4_4\" data-address=\"0.1.2\" data-specialty-layout=\"1_2,1_2\">\n<div class=\"et-module-cddff0cb-08f6-4e0c-a152-b1b17858a7da et_pb_column_inner ui-sortable et_pb_column_inner_3 et-animated--vb et_pb_column et_pb_column_4_4 et-first-child et-last-child et_pb_with_border\" data-address=\"0.1.2.0\">\n<div class=\"et-fb-mousetrap et-fb-mousetrap--column\" style=\"text-align: center;\"><\/div>\n<div class=\"et_fb_editing_enabled et-module-ef479935-bcad-4df2-a4f1-2c7c529bdbfd et_pb_text et_pb_module ui-sortable et_pb_text_3 et-animated--vb et_pb_text_align_left et_pb_bg_layout_light et-pb-with-global-presets et-first-child et-last-child\" data-address=\"0.1.2.0.0\" dynamic=\"[object Object]\" matching=\"[object Object]\" parent_slug=\"et_pb_column_inner\" theme_builder_suffix=\"\" wp_editor_suffix=\"\" wrapper_settings=\"[object Object]\" _key=\"ef479935-bcad-4df2-a4f1-2c7c529bdbfd\">\n<div class=\"et_pb_text_inner\">\n<div data-shortcode-id=\"0.1.2.0.0-1712680746715\" data-quickaccess-editable=\"yes\" class=\"et-fb-popover-tinymce\">\n<div class=\"mce-content-body\" contenteditable=\"true\" style=\"position: relative;\">\n<h4 style=\"text-align: center;\"><strong><em>N&rsquo;oubliez pas !<\/em><\/strong><\/h4>\n<p><strong><em><\/em><\/strong><\/p>\n<p style=\"text-align: center;\"><span style=\"font-weight: 400;\">Parrainer un confr\u00e8re est un <strong>avantage<\/strong> consid\u00e9rable, c\u2019est <strong>simple<\/strong> et <strong>int\u00e9ressant. <\/strong><\/span><\/p>\n<p style=\"text-align: center;\"><span style=\"font-weight: 400;\">En effet, chaque <strong>parrainage<\/strong> vous rapporte <span style=\"color: #ff0000;\"><strong>10 euros<\/strong><\/span> de r\u00e9duction sur votre abonnement mensuel. Par exemple, si vous optez pour l\u2019abonnement Folium \u00e0 20 euros par mois, le jour o\u00f9 vous parrainez deux confr\u00e8res, votre abonnement devient <strong>gratuit pour vous, ind\u00e9finiment<\/strong> tant que les comptes des parrain\u00e9s sont actifs.<\/span><\/p>\n<\/div>\n<\/div>\n<\/div>\n<\/div>\n<\/div>\n<\/div>\n<p>[\/et_pb_text][\/et_pb_column][et_pb_column type=\u00a0\u00bb1_2&Prime; specialty_columns=\u00a0\u00bb2&Prime; _builder_version=\u00a0\u00bb4.16&Prime; custom_padding=\u00a0\u00bb|||\u00a0\u00bb global_colors_info=\u00a0\u00bb{}\u00a0\u00bb custom_padding__hover=\u00a0\u00bb|||\u00a0\u00bb][et_pb_row_inner _builder_version=\u00a0\u00bb4.24.2&Prime; _module_preset=\u00a0\u00bbdefault\u00a0\u00bb custom_margin=\u00a0\u00bb||-45px|||\u00a0\u00bb custom_padding=\u00a0\u00bb|0px||||\u00a0\u00bb global_colors_info=\u00a0\u00bb{}\u00a0\u00bb][et_pb_column_inner saved_specialty_column_type=\u00a0\u00bb1_2&Prime; _builder_version=\u00a0\u00bb4.24.2&Prime; _module_preset=\u00a0\u00bbdefault\u00a0\u00bb global_colors_info=\u00a0\u00bb{}\u00a0\u00bb][et_pb_text _builder_version=\u00a0\u00bb4.24.2&Prime; _module_preset=\u00a0\u00bbdefault\u00a0\u00bb width=\u00a0\u00bb100%\u00a0\u00bb custom_margin=\u00a0\u00bb|-223px||66px||\u00a0\u00bb custom_padding=\u00a0\u00bb|0px||||\u00a0\u00bb global_colors_info=\u00a0\u00bb{}\u00a0\u00bb]<\/p>\n<h2><strong>Simple et efficace &#8211; 20,00 \u20ac TVA Incluse<\/strong><\/h2>\n<p><strong><\/strong><\/p>\n<p><strong><\/strong><\/p>\n<p><strong><\/strong><\/p>\n<ul>\n<li>Localisation sur carte des clients avec un lien google pour le guidage<\/li>\n<li>Carte photo a\u00e9rienne, carte IGN, carte cadastrale<\/li>\n<li>Filtre sur carte pour un affichage optimis\u00e9<\/li>\n<li>Programmation des passages sur la carte<\/li>\n<li>Programmation des passages sur le calendrier<\/li>\n<li>Cr\u00e9ation de noms de t\u00e2che et de mat\u00e9riel suppl\u00e9mentaires<\/li>\n<li>Fiche client avec le r\u00e9capitulatif des interventions<\/li>\n<li>Enregistrement des actions r\u00e9alis\u00e9es<\/li>\n<li>Enregistrement du temps global par passage<\/li>\n<li>Parrainage pour diminuer le co\u00fbt de l&rsquo;abonnement<\/li>\n<li>D\u00e9tails et recapitulatif du temps pass\u00e9 mensuellement par client<\/li>\n<li>Prise de photos chantier Avant \/ Apr\u00e8s<\/li>\n<li>Profils utilisateurs :<span>\u00a0<\/span>\n<ul>\n<li><strong>1<\/strong><span>\u00a0<\/span>Chef d&rsquo;entreprise<\/li>\n<li><strong>5<\/strong><span>\u00a0<\/span>Chefs de chantier \/ Conducteurs de travaux<\/li>\n<\/ul>\n<\/li>\n<\/ul>\n<p>[\/et_pb_text][\/et_pb_column_inner][\/et_pb_row_inner][et_pb_row_inner column_structure=\u00a0\u00bb1_2,1_2&Prime; _builder_version=\u00a0\u00bb4.24.2&Prime; _module_preset=\u00a0\u00bbdefault\u00a0\u00bb global_colors_info=\u00a0\u00bb{}\u00a0\u00bb][et_pb_column_inner type=\u00a0\u00bb1_2&Prime; saved_specialty_column_type=\u00a0\u00bb1_2&Prime; _builder_version=\u00a0\u00bb4.24.2&Prime; _module_preset=\u00a0\u00bbdefault\u00a0\u00bb global_colors_info=\u00a0\u00bb{}\u00a0\u00bb][et_pb_button button_text=\u00a0\u00bbCr\u00e9ez votre compte\u00a0\u00bb button_alignment=\u00a0\u00bbcenter\u00a0\u00bb _builder_version=\u00a0\u00bb4.24.2&Prime; _module_preset=\u00a0\u00bbdefault\u00a0\u00bb custom_button=\u00a0\u00bbon\u00a0\u00bb button_text_size=\u00a0\u00bb16px\u00a0\u00bb button_border_radius=\u00a0\u00bb50px\u00a0\u00bb hover_enabled=\u00a0\u00bb0&Prime; global_colors_info=\u00a0\u00bb{}\u00a0\u00bb button_url=\u00a0\u00bbhttps:\/\/app.micorise.fr\/#\/signin\/FO\u00a0\u00bb sticky_enabled=\u00a0\u00bb0&Prime;][\/et_pb_button][\/et_pb_column_inner][et_pb_column_inner type=\u00a0\u00bb1_2&Prime; saved_specialty_column_type=\u00a0\u00bb1_2&Prime; _builder_version=\u00a0\u00bb4.24.2&Prime; _module_preset=\u00a0\u00bbdefault\u00a0\u00bb global_colors_info=\u00a0\u00bb{}\u00a0\u00bb][et_pb_text _builder_version=\u00a0\u00bb4.24.2&Prime; _module_preset=\u00a0\u00bbdefault\u00a0\u00bb text_font_size=\u00a0\u00bb21px\u00a0\u00bb custom_margin=\u00a0\u00bb-2px||16px|||\u00a0\u00bb custom_padding=\u00a0\u00bb0px|||||\u00a0\u00bb global_colors_info=\u00a0\u00bb{}\u00a0\u00bb]<\/p>\n<h4 style=\"text-align: center;\"><em><strong>Abonement Mensuel<\/strong><\/em><\/h4>\n<p style=\"text-align: center;\"><em><span style=\"color: #000000;\">Premier mois<\/span> <span style=\"color: #ff0000;\"><strong>Gratuit<\/strong><\/span><\/em><\/p>\n<p>[\/et_pb_text][\/et_pb_column_inner][\/et_pb_row_inner][\/et_pb_column][\/et_pb_section]<\/p>\n","protected":false},"excerpt":{"rendered":"<p>N&rsquo;oubliez pas ! Parrainer un confr\u00e8re est un avantage consid\u00e9rable, c\u2019est simple et int\u00e9ressant. En effet, chaque parrainage vous rapporte 10 euros de r\u00e9duction sur votre abonnement mensuel. Par exemple, si vous optez pour l\u2019abonnement Folium \u00e0 20 euros par mois, le jour o\u00f9 vous parrainez deux confr\u00e8res, votre abonnement devient gratuit pour vous, ind\u00e9finiment tant que les comptes des parrain\u00e9s sont actifs. Simple et efficace &#8211; 20,00 \u20ac TVA Incluse Localisation sur carte des clients avec un lien google pour le guidage Carte photo a\u00e9rienne, carte IGN, carte cadastrale Filtre sur carte pour un affichage optimis\u00e9 Programmation des passages sur la carte Programmation des passages sur le calendrier Cr\u00e9ation de noms de t\u00e2che et de mat\u00e9riel suppl\u00e9mentaires Fiche client avec le r\u00e9capitulatif des interventions Enregistrement des actions r\u00e9alis\u00e9es Enregistrement du temps global par passage Parrainage pour diminuer le co\u00fbt de l&rsquo;abonnement D\u00e9tails et recapitulatif du temps pass\u00e9 mensuellement par client Prise de photos chantier Avant \/ Apr\u00e8s Profils utilisateurs :\u00a0 1\u00a0Chef d&rsquo;entreprise 5\u00a0Chefs de chantier \/ Conducteurs de travaux Abonement Mensuel Premier mois Gratuit<\/p>\n","protected":false},"author":1,"featured_media":111,"parent":0,"menu_order":0,"comment_status":"closed","ping_status":"closed","template":"","meta":{"_et_pb_use_builder":"on","_et_pb_old_content":"","_et_gb_content_width":"","footnotes":""},"class_list":["post-165","page","type-page","status-publish","has-post-thumbnail","hentry"],"yoast_head":"<!-- This site is optimized with the Yoast SEO plugin v27.3 - https:\/\/yoast.com\/product\/yoast-seo-wordpress\/ -->\n<title>Micorise, la Formule Folium<\/title>\n<meta name=\"description\" content=\"l&#039;Application Micorise vous Pr\u00e9sente Sa Formule Folium, d\u00e9couvrez-la ici ! \u00c0 Partir de 20 Euros Par Mois, Sans Engagement.\" \/>\n<meta name=\"robots\" content=\"index, follow, max-snippet:-1, max-image-preview:large, max-video-preview:-1\" \/>\n<link rel=\"canonical\" href=\"https:\/\/micorise.fr\/index.php\/micorise-folium\/\" \/>\n<meta property=\"og:locale\" content=\"fr_FR\" \/>\n<meta property=\"og:type\" content=\"article\" \/>\n<meta property=\"og:title\" content=\"Micorise, la Formule Folium\" \/>\n<meta property=\"og:description\" content=\"l&#039;Application Micorise vous Pr\u00e9sente Sa Formule Folium, d\u00e9couvrez-la ici ! \u00c0 Partir de 20 Euros Par Mois, Sans Engagement.\" \/>\n<meta property=\"og:url\" content=\"https:\/\/micorise.fr\/index.php\/micorise-folium\/\" \/>\n<meta property=\"og:site_name\" content=\"Micorise\" \/>\n<meta property=\"article:modified_time\" content=\"2024-04-10T09:10:44+00:00\" \/>\n<meta property=\"og:image\" content=\"https:\/\/micorise.fr\/wp-content\/uploads\/2024\/03\/Folium_L.jpg\" \/>\n\t<meta property=\"og:image:width\" content=\"795\" \/>\n\t<meta property=\"og:image:height\" content=\"832\" \/>\n\t<meta property=\"og:image:type\" content=\"image\/jpeg\" \/>\n<meta name=\"twitter:card\" content=\"summary_large_image\" \/>\n<meta name=\"twitter:label1\" content=\"Dur\u00e9e de lecture estim\u00e9e\" \/>\n\t<meta name=\"twitter:data1\" content=\"2 minutes\" \/>\n<script type=\"application\/ld+json\" class=\"yoast-schema-graph\">{\"@context\":\"https:\\\/\\\/schema.org\",\"@graph\":[{\"@type\":\"WebPage\",\"@id\":\"https:\\\/\\\/micorise.fr\\\/index.php\\\/micorise-folium\\\/\",\"url\":\"https:\\\/\\\/micorise.fr\\\/index.php\\\/micorise-folium\\\/\",\"name\":\"Micorise, la Formule Folium\",\"isPartOf\":{\"@id\":\"https:\\\/\\\/micorise.fr\\\/#website\"},\"primaryImageOfPage\":{\"@id\":\"https:\\\/\\\/micorise.fr\\\/index.php\\\/micorise-folium\\\/#primaryimage\"},\"image\":{\"@id\":\"https:\\\/\\\/micorise.fr\\\/index.php\\\/micorise-folium\\\/#primaryimage\"},\"thumbnailUrl\":\"https:\\\/\\\/micorise.fr\\\/wp-content\\\/uploads\\\/2024\\\/03\\\/Folium_L.jpg\",\"datePublished\":\"2024-03-28T14:25:43+00:00\",\"dateModified\":\"2024-04-10T09:10:44+00:00\",\"description\":\"l'Application Micorise vous Pr\u00e9sente Sa Formule Folium, d\u00e9couvrez-la ici ! \u00c0 Partir de 20 Euros Par Mois, Sans Engagement.\",\"breadcrumb\":{\"@id\":\"https:\\\/\\\/micorise.fr\\\/index.php\\\/micorise-folium\\\/#breadcrumb\"},\"inLanguage\":\"fr-FR\",\"potentialAction\":[{\"@type\":\"ReadAction\",\"target\":[\"https:\\\/\\\/micorise.fr\\\/index.php\\\/micorise-folium\\\/\"]}]},{\"@type\":\"ImageObject\",\"inLanguage\":\"fr-FR\",\"@id\":\"https:\\\/\\\/micorise.fr\\\/index.php\\\/micorise-folium\\\/#primaryimage\",\"url\":\"https:\\\/\\\/micorise.fr\\\/wp-content\\\/uploads\\\/2024\\\/03\\\/Folium_L.jpg\",\"contentUrl\":\"https:\\\/\\\/micorise.fr\\\/wp-content\\\/uploads\\\/2024\\\/03\\\/Folium_L.jpg\",\"width\":795,\"height\":832},{\"@type\":\"BreadcrumbList\",\"@id\":\"https:\\\/\\\/micorise.fr\\\/index.php\\\/micorise-folium\\\/#breadcrumb\",\"itemListElement\":[{\"@type\":\"ListItem\",\"position\":1,\"name\":\"Accueil\",\"item\":\"https:\\\/\\\/micorise.fr\\\/\"},{\"@type\":\"ListItem\",\"position\":2,\"name\":\"Folium\"}]},{\"@type\":\"WebSite\",\"@id\":\"https:\\\/\\\/micorise.fr\\\/#website\",\"url\":\"https:\\\/\\\/micorise.fr\\\/\",\"name\":\"Micorise\",\"description\":\"\",\"publisher\":{\"@id\":\"https:\\\/\\\/micorise.fr\\\/#organization\"},\"potentialAction\":[{\"@type\":\"SearchAction\",\"target\":{\"@type\":\"EntryPoint\",\"urlTemplate\":\"https:\\\/\\\/micorise.fr\\\/?s={search_term_string}\"},\"query-input\":{\"@type\":\"PropertyValueSpecification\",\"valueRequired\":true,\"valueName\":\"search_term_string\"}}],\"inLanguage\":\"fr-FR\"},{\"@type\":\"Organization\",\"@id\":\"https:\\\/\\\/micorise.fr\\\/#organization\",\"name\":\"Micorise\",\"url\":\"https:\\\/\\\/micorise.fr\\\/\",\"logo\":{\"@type\":\"ImageObject\",\"inLanguage\":\"fr-FR\",\"@id\":\"https:\\\/\\\/micorise.fr\\\/#\\\/schema\\\/logo\\\/image\\\/\",\"url\":\"https:\\\/\\\/micorise.fr\\\/wp-content\\\/uploads\\\/2024\\\/03\\\/Logo_micorise_2023.jpg\",\"contentUrl\":\"https:\\\/\\\/micorise.fr\\\/wp-content\\\/uploads\\\/2024\\\/03\\\/Logo_micorise_2023.jpg\",\"width\":345,\"height\":339,\"caption\":\"Micorise\"},\"image\":{\"@id\":\"https:\\\/\\\/micorise.fr\\\/#\\\/schema\\\/logo\\\/image\\\/\"}}]}<\/script>\n<!-- \/ Yoast SEO plugin. -->","yoast_head_json":{"title":"Micorise, la Formule Folium","description":"l'Application Micorise vous Pr\u00e9sente Sa Formule Folium, d\u00e9couvrez-la ici ! \u00c0 Partir de 20 Euros Par Mois, Sans Engagement.","robots":{"index":"index","follow":"follow","max-snippet":"max-snippet:-1","max-image-preview":"max-image-preview:large","max-video-preview":"max-video-preview:-1"},"canonical":"https:\/\/micorise.fr\/index.php\/micorise-folium\/","og_locale":"fr_FR","og_type":"article","og_title":"Micorise, la Formule Folium","og_description":"l'Application Micorise vous Pr\u00e9sente Sa Formule Folium, d\u00e9couvrez-la ici ! \u00c0 Partir de 20 Euros Par Mois, Sans Engagement.","og_url":"https:\/\/micorise.fr\/index.php\/micorise-folium\/","og_site_name":"Micorise","article_modified_time":"2024-04-10T09:10:44+00:00","og_image":[{"width":795,"height":832,"url":"https:\/\/micorise.fr\/wp-content\/uploads\/2024\/03\/Folium_L.jpg","type":"image\/jpeg"}],"twitter_card":"summary_large_image","twitter_misc":{"Dur\u00e9e de lecture estim\u00e9e":"2 minutes"},"schema":{"@context":"https:\/\/schema.org","@graph":[{"@type":"WebPage","@id":"https:\/\/micorise.fr\/index.php\/micorise-folium\/","url":"https:\/\/micorise.fr\/index.php\/micorise-folium\/","name":"Micorise, la Formule Folium","isPartOf":{"@id":"https:\/\/micorise.fr\/#website"},"primaryImageOfPage":{"@id":"https:\/\/micorise.fr\/index.php\/micorise-folium\/#primaryimage"},"image":{"@id":"https:\/\/micorise.fr\/index.php\/micorise-folium\/#primaryimage"},"thumbnailUrl":"https:\/\/micorise.fr\/wp-content\/uploads\/2024\/03\/Folium_L.jpg","datePublished":"2024-03-28T14:25:43+00:00","dateModified":"2024-04-10T09:10:44+00:00","description":"l'Application Micorise vous Pr\u00e9sente Sa Formule Folium, d\u00e9couvrez-la ici ! \u00c0 Partir de 20 Euros Par Mois, Sans Engagement.","breadcrumb":{"@id":"https:\/\/micorise.fr\/index.php\/micorise-folium\/#breadcrumb"},"inLanguage":"fr-FR","potentialAction":[{"@type":"ReadAction","target":["https:\/\/micorise.fr\/index.php\/micorise-folium\/"]}]},{"@type":"ImageObject","inLanguage":"fr-FR","@id":"https:\/\/micorise.fr\/index.php\/micorise-folium\/#primaryimage","url":"https:\/\/micorise.fr\/wp-content\/uploads\/2024\/03\/Folium_L.jpg","contentUrl":"https:\/\/micorise.fr\/wp-content\/uploads\/2024\/03\/Folium_L.jpg","width":795,"height":832},{"@type":"BreadcrumbList","@id":"https:\/\/micorise.fr\/index.php\/micorise-folium\/#breadcrumb","itemListElement":[{"@type":"ListItem","position":1,"name":"Accueil","item":"https:\/\/micorise.fr\/"},{"@type":"ListItem","position":2,"name":"Folium"}]},{"@type":"WebSite","@id":"https:\/\/micorise.fr\/#website","url":"https:\/\/micorise.fr\/","name":"Micorise","description":"","publisher":{"@id":"https:\/\/micorise.fr\/#organization"},"potentialAction":[{"@type":"SearchAction","target":{"@type":"EntryPoint","urlTemplate":"https:\/\/micorise.fr\/?s={search_term_string}"},"query-input":{"@type":"PropertyValueSpecification","valueRequired":true,"valueName":"search_term_string"}}],"inLanguage":"fr-FR"},{"@type":"Organization","@id":"https:\/\/micorise.fr\/#organization","name":"Micorise","url":"https:\/\/micorise.fr\/","logo":{"@type":"ImageObject","inLanguage":"fr-FR","@id":"https:\/\/micorise.fr\/#\/schema\/logo\/image\/","url":"https:\/\/micorise.fr\/wp-content\/uploads\/2024\/03\/Logo_micorise_2023.jpg","contentUrl":"https:\/\/micorise.fr\/wp-content\/uploads\/2024\/03\/Logo_micorise_2023.jpg","width":345,"height":339,"caption":"Micorise"},"image":{"@id":"https:\/\/micorise.fr\/#\/schema\/logo\/image\/"}}]}},"_links":{"self":[{"href":"https:\/\/micorise.fr\/index.php\/wp-json\/wp\/v2\/pages\/165","targetHints":{"allow":["GET"]}}],"collection":[{"href":"https:\/\/micorise.fr\/index.php\/wp-json\/wp\/v2\/pages"}],"about":[{"href":"https:\/\/micorise.fr\/index.php\/wp-json\/wp\/v2\/types\/page"}],"author":[{"embeddable":true,"href":"https:\/\/micorise.fr\/index.php\/wp-json\/wp\/v2\/users\/1"}],"replies":[{"embeddable":true,"href":"https:\/\/micorise.fr\/index.php\/wp-json\/wp\/v2\/comments?post=165"}],"version-history":[{"count":13,"href":"https:\/\/micorise.fr\/index.php\/wp-json\/wp\/v2\/pages\/165\/revisions"}],"predecessor-version":[{"id":427,"href":"https:\/\/micorise.fr\/index.php\/wp-json\/wp\/v2\/pages\/165\/revisions\/427"}],"wp:featuredmedia":[{"embeddable":true,"href":"https:\/\/micorise.fr\/index.php\/wp-json\/wp\/v2\/media\/111"}],"wp:attachment":[{"href":"https:\/\/micorise.fr\/index.php\/wp-json\/wp\/v2\/media?parent=165"}],"curies":[{"name":"wp","href":"https:\/\/api.w.org\/{rel}","templated":true}]}}